{"id":105,"date":"2024-05-03T08:02:31","date_gmt":"2024-05-03T08:02:31","guid":{"rendered":"https:\/\/allpecon.de\/?page_id=105"},"modified":"2024-11-05T17:30:15","modified_gmt":"2024-11-05T17:30:15","slug":"unsere-ziele","status":"publish","type":"page","link":"https:\/\/allpecon.de\/?page_id=105","title":{"rendered":"Unsere Ziele"},"content":{"rendered":"\n<p>Bei der ALLPECON Beratungs-GmbH &amp; Co. KG haben wir klare Ziele vor Augen, die uns dabei leiten, unseren Kunden erstklassige Beratungsdienstleistungen im Bereich SAP HCM anzubieten:<\/p>\n\n\n\n<ol class=\"wp-block-list\">\n<li><strong>Sicherheit und Kontinuit\u00e4t der SAP HCM-Anwendung:<\/strong> Wir setzen uns daf\u00fcr ein, die Sicherheit und Kontinuit\u00e4t der SAP-HCM-Anwendung unserer Kunden zu gew\u00e4hrleisten. Durch unsere Expertise und unser Engagement helfen wir dabei, die Systeme unserer Kunden optimal zu nutzen und einen reibungslosen Betrieb sicherzustellen.<\/li>\n\n\n\n<li><strong>Optimierung und Integration aller kommunikativen Wege im Unternehmen:<\/strong> Wir unterst\u00fctzen unsere Kunden dabei, alle kommunikativen Wege im Unternehmen zu optimieren und zu integrieren. Durch die Implementierung effizienter Kommunikationsl\u00f6sungen tragen wir dazu bei, die Zusammenarbeit und den Informationsfluss im Unternehmen zu verbessern.<\/li>\n\n\n\n<li><strong>Effektive Wege gestalten f\u00fcr alle Prozess- und Verarbeitungsabl\u00e4ufe im Personalwesen:<\/strong> Wir helfen unseren Kunden dabei, effektive Wege f\u00fcr alle Prozess- und Verarbeitungsabl\u00e4ufe im Personalwesen zu gestalten. Durch die Optimierung von HCM-Prozessen und die Implementierung innovativer L\u00f6sungen unterst\u00fctzen wir unsere Kunden dabei, ihre Ziele effizienter zu erreichen.<\/li>\n\n\n\n<li><strong>Proaktiver Beratungspartner f\u00fcr die zuk\u00fcnftigen System- und Anwendungsentwicklungen:<\/strong> Wir verstehen uns als proaktiver Beratungspartner f\u00fcr die zuk\u00fcnftigen System- und Anwendungsentwicklungen unserer Kunden. Durch unsere Branchenkenntnisse und unser Verst\u00e4ndnis f\u00fcr aktuelle Trends und Entwicklungen helfen wir unseren Kunden dabei, sich auf zuk\u00fcnftige Herausforderungen vorzubereiten und innovative L\u00f6sungen zu entwickeln.<\/li>\n\n\n\n<li><strong>Durch Netzwerke (Partner) auch andere Kompetenzen anbieten:<\/strong> Wir nutzen unser Netzwerk von Partnern, um unseren Kunden auch andere Kompetenzen anzubieten. Durch die Zusammenarbeit mit Experten aus verschiedenen Bereichen k\u00f6nnen wir unseren Kunden ein umfassendes Leistungsspektrum bieten und sie dabei unterst\u00fctzen, ihre Gesch\u00e4ftsziele zu erreichen.<\/li>\n<\/ol>\n\n\n\n<p>Bei ALLPECON sind wir bestrebt, unseren Kunden stets als verl\u00e4sslicher und kompetenter Partner zur Seite zu stehen und sie dabei zu unterst\u00fctzen, langfristigen Erfolg zu erzielen.<\/p>\n","protected":false},"excerpt":{"rendered":"<p>Bei der ALLPECON Beratungs-GmbH &amp; Co. KG haben wir klare Ziele vor Augen, die uns dabei leiten, unseren Kunden erstklassige Beratungsdienstleistungen im [&hellip;]<\/p>\n","protected":false},"author":1,"featured_media":0,"parent":46,"menu_order":1,"comment_status":"closed","ping_status":"closed","template":"","meta":{"footnotes":""},"class_list":["post-105","page","type-page","status-publish","hentry"],"_links":{"self":[{"href":"https:\/\/allpecon.de\/index.php?rest_route=\/wp\/v2\/pages\/105","targetHints":{"allow":["GET"]}}],"collection":[{"href":"https:\/\/allpecon.de\/index.php?rest_route=\/wp\/v2\/pages"}],"about":[{"href":"https:\/\/allpecon.de\/index.php?rest_route=\/wp\/v2\/types\/page"}],"author":[{"embeddable":true,"href":"https:\/\/allpecon.de\/index.php?rest_route=\/wp\/v2\/users\/1"}],"replies":[{"embeddable":true,"href":"https:\/\/allpecon.de\/index.php?rest_route=%2Fwp%2Fv2%2Fcomments&post=105"}],"version-history":[{"count":2,"href":"https:\/\/allpecon.de\/index.php?rest_route=\/wp\/v2\/pages\/105\/revisions"}],"predecessor-version":[{"id":183,"href":"https:\/\/allpecon.de\/index.php?rest_route=\/wp\/v2\/pages\/105\/revisions\/183"}],"up":[{"embeddable":true,"href":"https:\/\/allpecon.de\/index.php?rest_route=\/wp\/v2\/pages\/46"}],"wp:attachment":[{"href":"https:\/\/allpecon.de\/index.php?rest_route=%2Fwp%2Fv2%2Fmedia&parent=105"}],"curies":[{"name":"wp","href":"https:\/\/api.w.org\/{rel}","templated":true}]}}