{"id":156,"date":"2024-11-01T15:07:35","date_gmt":"2024-11-01T15:07:35","guid":{"rendered":"https:\/\/allpecon.de\/?page_id=156"},"modified":"2024-11-06T13:12:01","modified_gmt":"2024-11-06T13:12:01","slug":"impressum","status":"publish","type":"page","link":"https:\/\/allpecon.de\/?page_id=156","title":{"rendered":"Impressum"},"content":{"rendered":"\n<p><br>Diensteanbieter:<br>ALLPECON Beratungs-GmbH &amp; Co. KG<br>M\u00f6zener Weg 37<br>22417 Hamburg<br>Deutschland<\/p>\n\n\n\n<p><br>Kontaktm\u00f6glichkeiten:<br>E-Mail-Adresse: info@allpecon.de<br>Telefon: 040 \/ 5371 8013<br>Fax: 040 \/ 537 34 14<\/p>\n\n\n\n<p><br>Vertretungsberechtigte Personen<br>Vertretungsberechtigt: Helmut Trost &#8211; Gesch\u00e4ftsf\u00fchrer<br>Angaben zum Unternehmen<br>Register und Registernummer<br>Handelsregister Hamburg<br>Gef\u00fchrt bei: Handelsregister<br>Nummer: Kommanditgesellschaft, Sitz Hamburg, HRA 104725<\/p>\n","protected":false},"excerpt":{"rendered":"<p>Diensteanbieter:ALLPECON Beratungs-GmbH &amp; Co. KGM\u00f6zener Weg 3722417 HamburgDeutschland Kontaktm\u00f6glichkeiten:E-Mail-Adresse: info@allpecon.deTelefon: 040 \/ 5371 8013Fax: 040 \/ 537 34 14 Vertretungsberechtigte PersonenVertretungsberechtigt: Helmut [&hellip;]<\/p>\n","protected":false},"author":1,"featured_media":0,"parent":0,"menu_order":0,"comment_status":"closed","ping_status":"closed","template":"","meta":{"footnotes":""},"class_list":["post-156","page","type-page","status-publish","hentry"],"_links":{"self":[{"href":"https:\/\/allpecon.de\/index.php?rest_route=\/wp\/v2\/pages\/156","targetHints":{"allow":["GET"]}}],"collection":[{"href":"https:\/\/allpecon.de\/index.php?rest_route=\/wp\/v2\/pages"}],"about":[{"href":"https:\/\/allpecon.de\/index.php?rest_route=\/wp\/v2\/types\/page"}],"author":[{"embeddable":true,"href":"https:\/\/allpecon.de\/index.php?rest_route=\/wp\/v2\/users\/1"}],"replies":[{"embeddable":true,"href":"https:\/\/allpecon.de\/index.php?rest_route=%2Fwp%2Fv2%2Fcomments&post=156"}],"version-history":[{"count":1,"href":"https:\/\/allpecon.de\/index.php?rest_route=\/wp\/v2\/pages\/156\/revisions"}],"predecessor-version":[{"id":157,"href":"https:\/\/allpecon.de\/index.php?rest_route=\/wp\/v2\/pages\/156\/revisions\/157"}],"wp:attachment":[{"href":"https:\/\/allpecon.de\/index.php?rest_route=%2Fwp%2Fv2%2Fmedia&parent=156"}],"curies":[{"name":"wp","href":"https:\/\/api.w.org\/{rel}","templated":true}]}}