{"id":159,"date":"2024-11-01T15:09:18","date_gmt":"2024-11-01T15:09:18","guid":{"rendered":"https:\/\/allpecon.de\/?page_id=159"},"modified":"2024-11-05T17:17:58","modified_gmt":"2024-11-05T17:17:58","slug":"sap-hcm-leiharbeitsabrechnung","status":"publish","type":"page","link":"https:\/\/allpecon.de\/?page_id=159","title":{"rendered":"SAP HCM Leiharbeitsabrechnung"},"content":{"rendered":"\n<p><strong>Leiharbeitsabrechnung mit SAP HCM<\/strong><br>Die Besch\u00e4ftigung von Leiharbeitern und die Verfolgung der Arbeitnehmer\u00fcberlassungsrechte (A\u00dcN) ist eine komplexe Angelegenheit und weicht doch deutlich von einer normalen Entgeltabrechnung ab. Da viele Unternehmen aber Leiharbeiter besch\u00e4ftigen, ist hier eine gro\u00dfer Handlungsbedarf der rechtlichen Verfolgung (Besch\u00e4ftigungsverfolgung, A\u00dcN-Rechte) der Abrechnung (was hat wer wie gearbeitet) und der Abwicklung (umfangreiche Rechnungsstellung und Pr\u00fcfung) gegeben.<br><br>Knackpunkt f\u00fcr die Unternehmen ist, dass genau verfolgt werden muss, wer wann und wie lange im Einsatz war. Beginnend vom 1. Einsatztag z\u00e4hlen die entsprechenden Fristen. Dies ohne System zu verfolgen, ist dann doch recht aufwendig.<br><br>Leiharbeitsabrechnung kann \u00fcbrigens auch einfach im Rahmen des SAP-HCM-Standard abgebildet werden. Kommen- und Gehen\u2013Stempelung ist ja in der Regel sowieso erforderlich. Und dann ist es nicht mehr weit bis zu einer Zeitabrechnung. Vorteil ist, dass man dann elektronisch die Einsatztage zur Verf\u00fcgung hat und diese auswerten kann. Eine Verfolgung der Fristen ist so nat\u00fcrlich sehr bequem und effektiv vornehmbar.<br><br>Und wer auch die Pr\u00fcfung der Rechnungen vereinfachen will, h\u00e4ngt einfach eine simple Entgeltabrechnung inkl. Buchung hinten dran, alles nat\u00fcrlich auch im SAP-HCM-Standard m\u00f6glich.<br>ALLPECON hat solche L\u00f6sungen schon bei einigen seiner Kunden eingerichtet. Die Kunden haben den Nutzen schnell erkannt und erfreuen sich besserer Transparenz, erh\u00f6hter Sicherheit in der Abwicklung und einer guten Zeitersparnis.<br><br>Wer so ger\u00fcstet ist, braucht dann auch keine Angst vor neuen Regelungen der Arbeitnehmer\u00fcberlassung haben.<br><br>Schwierigkeiten k\u00f6nnen eher dadurch entstehen, dass der Gesetzgeber sich, wie meistens, nicht \u00fcber alle Sachverhalte ganz genau ausgelassen hat und es Interpretationsspielraum gibt. So ist z.B. nicht ganz klar zu ersehen, was Equal-Pay nach den g\u00e4ngigen Richtlinien bedeutet. Rechnen hier alle Zuschl\u00e4ge, Altersversorgungen, Urlaub, etc. mit rein oder nicht?<br><br>Und wer den ganzen Leiharbeitsprozess abbilden m\u00f6chte, hat mit den weiteren Konzepten der ALLPECON alle M\u00f6glichkeiten, dies mit SAP-HCM zu vollziehen:<\/p>\n\n\n\n<ul class=\"wp-block-list\">\n<li>Einsatzplanung Leiharbeit<\/li>\n\n\n\n<li>Vergutschriftung<\/li>\n\n\n\n<li>Export zu den Leiharbeitsfirmen<\/li>\n\n\n\n<li>U.v.m.<br><\/li>\n<\/ul>\n\n\n\n<p>Es lohnt sich also, \u00fcber die Abbildung des Leiharbeitsprozesses im SAP HCM mit Hilfe der Konzepte der ALLPECON nachzudenken. Sprechen Sie uns bei Bedarf an.<\/p>\n","protected":false},"excerpt":{"rendered":"<p>Leiharbeitsabrechnung mit SAP HCMDie Besch\u00e4ftigung von Leiharbeitern und die Verfolgung der Arbeitnehmer\u00fcberlassungsrechte (A\u00dcN) ist eine komplexe Angelegenheit und weicht doch deutlich von [&hellip;]<\/p>\n","protected":false},"author":1,"featured_media":0,"parent":0,"menu_order":0,"comment_status":"closed","ping_status":"closed","template":"","meta":{"footnotes":""},"class_list":["post-159","page","type-page","status-publish","hentry"],"_links":{"self":[{"href":"https:\/\/allpecon.de\/index.php?rest_route=\/wp\/v2\/pages\/159","targetHints":{"allow":["GET"]}}],"collection":[{"href":"https:\/\/allpecon.de\/index.php?rest_route=\/wp\/v2\/pages"}],"about":[{"href":"https:\/\/allpecon.de\/index.php?rest_route=\/wp\/v2\/types\/page"}],"author":[{"embeddable":true,"href":"https:\/\/allpecon.de\/index.php?rest_route=\/wp\/v2\/users\/1"}],"replies":[{"embeddable":true,"href":"https:\/\/allpecon.de\/index.php?rest_route=%2Fwp%2Fv2%2Fcomments&post=159"}],"version-history":[{"count":5,"href":"https:\/\/allpecon.de\/index.php?rest_route=\/wp\/v2\/pages\/159\/revisions"}],"predecessor-version":[{"id":179,"href":"https:\/\/allpecon.de\/index.php?rest_route=\/wp\/v2\/pages\/159\/revisions\/179"}],"wp:attachment":[{"href":"https:\/\/allpecon.de\/index.php?rest_route=%2Fwp%2Fv2%2Fmedia&parent=159"}],"curies":[{"name":"wp","href":"https:\/\/api.w.org\/{rel}","templated":true}]}}