{"id":2,"date":"2024-01-12T15:13:22","date_gmt":"2024-01-12T15:13:22","guid":{"rendered":"https:\/\/allpecon.de\/?page_id=2"},"modified":"2024-11-01T15:23:20","modified_gmt":"2024-11-01T15:23:20","slug":"sample-page","status":"publish","type":"page","link":"https:\/\/allpecon.de\/","title":{"rendered":"ALLPECON"},"content":{"rendered":"<h1 style=\"text-align: center;\"><strong>Ihre SAP Abrechnung sicher in unseren H\u00e4nden<\/strong><\/h1>\n<h4 style=\"text-align: center;\"><strong>Wir unterst\u00fctzen Sie dabei, Ihre SAP HR Abrechnung immer auf dem neusten Stand zu halten<\/strong><\/h4>\n\n\n<p><\/p>\n\n\n\n<div style=\"height:40px\" aria-hidden=\"true\" class=\"wp-block-spacer\"><\/div>\n\n\n\n<div class=\"wp-block-group has-global-padding is-layout-constrained wp-block-group-is-layout-constrained\">\n<div class=\"wp-block-buttons is-content-justification-center is-layout-flex wp-container-core-buttons-is-layout-b5994976 wp-block-buttons-is-layout-flex\">\n<div class=\"wp-block-button is-style-fill\"><a class=\"wp-block-button__link has-text-align-center wp-element-button\" href=\"https:\/\/allpecon.de\/?page_id=68\">Bertatung<\/a><\/div>\n\n\n\n<div class=\"wp-block-button is-style-fill\"><a class=\"wp-block-button__link has-text-align-center wp-element-button\" href=\"https:\/\/allpecon.de\/?page_id=74\">Kontakt<\/a><\/div>\n<\/div>\n<\/div>\n\n\n\n<div style=\"height:85px\" aria-hidden=\"true\" class=\"wp-block-spacer\"><\/div>\n\n\n\n<div class=\"wp-block-columns is-layout-flex wp-container-core-columns-is-layout-28f84493 wp-block-columns-is-layout-flex\">\n<div class=\"wp-block-column is-layout-flow wp-block-column-is-layout-flow\">\n<h5 style=\"text-align: center;\"><strong>pers\u00f6nlich<\/strong><\/h5>\n<p>Wir sind Ihr erster Ansprechpartner, immer f\u00fcr Sie da. Wir \u00fcbernehmen gern Verantwortung. Bei Fragen und Problemen sind Sie bei uns richtig.<\/p>\n<\/div>\n\n\n\n<div class=\"wp-block-column is-layout-flow wp-block-column-is-layout-flow\">\n<h5 style=\"text-align: center;\"><strong>verbindlich<\/strong><\/h5>\n<p>Wir helfen Ihnen ihre Anliegen erfolgreich umzusetzen und garantieren Ihnen einen bed\u00fcrfnissorientierten L\u00f6sungsweg.<\/p>\n<\/div>\n\n\n\n<div class=\"wp-block-column is-layout-flow wp-block-column-is-layout-flow\">\n<h5 style=\"text-align: center;\"><strong>verst\u00e4ndlich<\/strong><\/h5>\n<p>Wir erarbeiten fachbezogene Informationsdokumente und stellen Ihnen diese f\u00fcr ein l\u00fcckenloses Arbeiten zur Verf\u00fcgung.<\/p>\n<\/div>\n<\/div>\n","protected":false},"excerpt":{"rendered":"<p>Ihre SAP Abrechnung sicher in unseren H\u00e4nden Wir unterst\u00fctzen Sie dabei, Ihre SAP HR Abrechnung immer auf dem neusten Stand zu halten [&hellip;]<\/p>\n","protected":false},"author":1,"featured_media":0,"parent":0,"menu_order":0,"comment_status":"closed","ping_status":"open","template":"","meta":{"footnotes":""},"class_list":["post-2","page","type-page","status-publish","hentry"],"_links":{"self":[{"href":"https:\/\/allpecon.de\/index.php?rest_route=\/wp\/v2\/pages\/2","targetHints":{"allow":["GET"]}}],"collection":[{"href":"https:\/\/allpecon.de\/index.php?rest_route=\/wp\/v2\/pages"}],"about":[{"href":"https:\/\/allpecon.de\/index.php?rest_route=\/wp\/v2\/types\/page"}],"author":[{"embeddable":true,"href":"https:\/\/allpecon.de\/index.php?rest_route=\/wp\/v2\/users\/1"}],"replies":[{"embeddable":true,"href":"https:\/\/allpecon.de\/index.php?rest_route=%2Fwp%2Fv2%2Fcomments&post=2"}],"version-history":[{"count":26,"href":"https:\/\/allpecon.de\/index.php?rest_route=\/wp\/v2\/pages\/2\/revisions"}],"predecessor-version":[{"id":170,"href":"https:\/\/allpecon.de\/index.php?rest_route=\/wp\/v2\/pages\/2\/revisions\/170"}],"wp:attachment":[{"href":"https:\/\/allpecon.de\/index.php?rest_route=%2Fwp%2Fv2%2Fmedia&parent=2"}],"curies":[{"name":"wp","href":"https:\/\/api.w.org\/{rel}","templated":true}]}}