{"id":48,"date":"2024-04-24T21:27:55","date_gmt":"2024-04-24T21:27:55","guid":{"rendered":"https:\/\/allpecon.de\/?page_id=48"},"modified":"2024-11-22T12:53:12","modified_gmt":"2024-11-22T12:53:12","slug":"das-team","status":"publish","type":"page","link":"https:\/\/allpecon.de\/?page_id=48","title":{"rendered":"Das Team"},"content":{"rendered":"\n<div class=\"wp-block-media-text is-stacked-on-mobile\"><figure class=\"wp-block-media-text__media\"><img loading=\"lazy\" decoding=\"async\" width=\"768\" height=\"404\" src=\"https:\/\/allpecon.de\/wp-content\/uploads\/2024\/04\/gabi-und-helmut-variante-1-1-768x404-1.jpg\" alt=\"\" class=\"wp-image-49 size-full\" srcset=\"https:\/\/allpecon.de\/wp-content\/uploads\/2024\/04\/gabi-und-helmut-variante-1-1-768x404-1.jpg 768w, https:\/\/allpecon.de\/wp-content\/uploads\/2024\/04\/gabi-und-helmut-variante-1-1-768x404-1-300x158.jpg 300w, https:\/\/allpecon.de\/wp-content\/uploads\/2024\/04\/gabi-und-helmut-variante-1-1-768x404-1-230x121.jpg 230w, https:\/\/allpecon.de\/wp-content\/uploads\/2024\/04\/gabi-und-helmut-variante-1-1-768x404-1-350x184.jpg 350w, https:\/\/allpecon.de\/wp-content\/uploads\/2024\/04\/gabi-und-helmut-variante-1-1-768x404-1-480x253.jpg 480w\" sizes=\"auto, (max-width: 768px) 100vw, 768px\" \/><\/figure><div class=\"wp-block-media-text__content\">\n<p><\/p>\n\n\n\n<hr class=\"wp-block-separator has-alpha-channel-opacity\"\/>\n\n\n\n<p><strong>Helmut Trost<\/strong><\/p>\n\n\n\n<p>Helmut Trost ist ein erfahrener Diplom-Informatiker mit \u00fcber 35 Jahren Expertise im Bereich SAP HCM. Als Spezialist f\u00fcr effektive Anwendungsl\u00f6sungen und Prozessberatung hat er einen ma\u00dfgeblichen Beitrag zur Entwicklung von innovativen L\u00f6sungen geleistet, die Unternehmen dabei unterst\u00fctzen, ihre HCM-Prozesse zu optimieren und ihre Ziele zu erreichen.<\/p>\n\n\n\n<p>Als Gr\u00fcnder und Gesch\u00e4ftsf\u00fchrer von ALLPECON Beratungs-GmbH &amp; Co. KG hat Helmut Trost ein Unternehmen geschaffen, das sich durch Fachkompetenz, Engagement und Kundenorientierung auszeichnet. Unter seiner F\u00fchrung hat die ALLPECON zahlreiche Unternehmen dabei unterst\u00fctzt, ihre HCM-Herausforderungen zu meistern und langfristige Erfolge zu erzielen.<\/p>\n\n\n\n<p>Helmut Trost ist leidenschaftlich daran interessiert, durch innovative L\u00f6sungen und erstklassige Beratungsdienstleistungen einen Mehrwert f\u00fcr seine Kunden zu schaffen. Sein umfangreiches Fachwissen und seine langj\u00e4hrige Erfahrung machen ihn zu einem vertrauensw\u00fcrdigen Partner f\u00fcr Unternehmen, die nach ma\u00dfgeschneiderten L\u00f6sungen suchen, um ihre Gesch\u00e4ftsziele zu erreichen.<\/p>\n\n\n\n<hr class=\"wp-block-separator has-alpha-channel-opacity\"\/>\n\n\n\n<p><\/p>\n<\/div><\/div>\n\n\n\n<div class=\"wp-block-group is-nowrap is-layout-flex wp-container-core-group-is-layout-6c531013 wp-block-group-is-layout-flex\">\n<hr class=\"wp-block-separator has-alpha-channel-opacity\"\/>\n\n\n\n<hr class=\"wp-block-separator has-alpha-channel-opacity\"\/>\n\n\n\n<div class=\"wp-block-media-text has-media-on-the-right is-stacked-on-mobile\" style=\"grid-template-columns:auto 40%\"><div class=\"wp-block-media-text__content\">\n<hr class=\"wp-block-separator has-alpha-channel-opacity\"\/>\n\n\n\n<p><strong>Gabriele Trost<\/strong><\/p>\n\n\n\n<p>Gabriele Trost ist eine erfahrene Kauffrau und Spezialistin im Bereich SAP HCM mit einer beeindruckenden Erfahrung von \u00fcber 30 Jahren. Mit ihrem fundierten Wissen und ihrer langj\u00e4hrigen T\u00e4tigkeit in der Personalfachabteilung verf\u00fcgt sie \u00fcber ein tiefgreifendes Verst\u00e4ndnis f\u00fcr die Bed\u00fcrfnisse und Anforderungen im HCM-Bereich.<\/p>\n\n\n\n<p>Als Mitbegr\u00fcnderin der ALLPECON Beratungs-GmbH &amp; Co. KG hat Gabriele Trost aktiv dazu beigetragen, das Unternehmen zu dem zu machen, was es heute ist: ein verl\u00e4sslicher Partner f\u00fcr Unternehmen auf der Suche nach ma\u00dfgeschneiderten L\u00f6sungen f\u00fcr ihre HCM-Herausforderungen.<\/p>\n\n\n\n<p>Gabriele Trost ist eine herausragende Fachfrau f\u00fcr Personalfachfragen und die Organisation fachlicher Abl\u00e4ufe. Ihre Expertise und ihre Leidenschaft f\u00fcr die Weiterentwicklung von HCM-Prozessen machen sie zu einer gesch\u00e4tzten Beraterin f\u00fcr Unternehmen verschiedenster Branchen und Gr\u00f6\u00dfenordnungen.<\/p>\n\n\n\n<p>Durch ihre engagierte Arbeit bei ALLPECON hat Gabriele Trost dazu beigetragen, zahlreichen Unternehmen dabei zu helfen, ihre HCM-Strategien zu optimieren und langfristige Erfolge zu erzielen.<\/p>\n\n\n\n<hr class=\"wp-block-separator has-alpha-channel-opacity\"\/>\n\n\n\n<p><\/p>\n<\/div><figure class=\"wp-block-media-text__media\"><img loading=\"lazy\" decoding=\"async\" width=\"939\" height=\"1024\" src=\"https:\/\/allpecon.de\/wp-content\/uploads\/2024\/11\/ZEK1615_JPEG-e1732279742673-939x1024.jpg\" alt=\"\" class=\"wp-image-237 size-full\"\/><\/figure><\/div>\n<\/div>\n\n\n\n<div class=\"wp-block-media-text is-stacked-on-mobile\" style=\"grid-template-columns:40% auto\"><figure class=\"wp-block-media-text__media\"><img loading=\"lazy\" decoding=\"async\" width=\"512\" height=\"512\" src=\"https:\/\/allpecon.de\/wp-content\/uploads\/2024\/03\/cropped-ALL_LOGO_oBalken.jpg\" alt=\"\" class=\"wp-image-18 size-full\" srcset=\"https:\/\/allpecon.de\/wp-content\/uploads\/2024\/03\/cropped-ALL_LOGO_oBalken.jpg 512w, https:\/\/allpecon.de\/wp-content\/uploads\/2024\/03\/cropped-ALL_LOGO_oBalken-300x300.jpg 300w, https:\/\/allpecon.de\/wp-content\/uploads\/2024\/03\/cropped-ALL_LOGO_oBalken-150x150.jpg 150w, https:\/\/allpecon.de\/wp-content\/uploads\/2024\/03\/cropped-ALL_LOGO_oBalken-230x230.jpg 230w, https:\/\/allpecon.de\/wp-content\/uploads\/2024\/03\/cropped-ALL_LOGO_oBalken-350x350.jpg 350w, https:\/\/allpecon.de\/wp-content\/uploads\/2024\/03\/cropped-ALL_LOGO_oBalken-480x480.jpg 480w, https:\/\/allpecon.de\/wp-content\/uploads\/2024\/03\/cropped-ALL_LOGO_oBalken-270x270.jpg 270w, https:\/\/allpecon.de\/wp-content\/uploads\/2024\/03\/cropped-ALL_LOGO_oBalken-192x192.jpg 192w, https:\/\/allpecon.de\/wp-content\/uploads\/2024\/03\/cropped-ALL_LOGO_oBalken-180x180.jpg 180w, https:\/\/allpecon.de\/wp-content\/uploads\/2024\/03\/cropped-ALL_LOGO_oBalken-32x32.jpg 32w\" sizes=\"auto, (max-width: 512px) 100vw, 512px\" \/><\/figure><div class=\"wp-block-media-text__content\">\n<hr class=\"wp-block-separator has-alpha-channel-opacity\"\/>\n\n\n\n<p><strong>Christoph Trost<\/strong><\/p>\n\n\n\n<p>Christoph Trost ist ein erfahrener Spezialist im Bereich effektive Anwendungsl\u00f6sungen und Prozessberatung mit \u00fcber 13 Jahren Erfahrung. Mit einem Master-Abschluss in Psychologie bringt er ein fundiertes Verst\u00e4ndnis f\u00fcr menschliches Verhalten und Motivation in seine Beratungsarbeit ein.<\/p>\n\n\n\n<p>Seine langj\u00e4hrige Erfahrung und sein Fachwissen machen ihn zu einem gesch\u00e4tzten Experten f\u00fcr die Optimierung von Gesch\u00e4ftsprozessen, insbesondere im Bereich HCM. Christoph Trost hat zahlreichen Unternehmen dabei geholfen, innovative L\u00f6sungen zu entwickeln und umzusetzen, um ihre Effizienz zu steigern und ihre Ziele zu erreichen.<\/p>\n\n\n\n<p>Als Mitglied des Teams von ALLPECON Beratungs-GmbH &amp; Co. KG tr\u00e4gt Christoph Trost dazu bei, ma\u00dfgeschneiderte und nachhaltige L\u00f6sungen f\u00fcr die Kunden zu entwickeln. Sein Engagement f\u00fcr Exzellenz und sein Streben nach Kundenzufriedenheit machen ihn zu einem wertvollen Teil unseres Teams.<\/p>\n\n\n\n<hr class=\"wp-block-separator has-alpha-channel-opacity\"\/>\n\n\n\n<p><br><\/p>\n<\/div><\/div>\n\n\n\n<div class=\"wp-block-media-text has-media-on-the-right is-stacked-on-mobile\"><div class=\"wp-block-media-text__content\">\n<hr class=\"wp-block-separator has-alpha-channel-opacity\"\/>\n\n\n\n<p><strong>Der Support im Hintergrund<\/strong><\/p>\n\n\n\n<p>Unser Team besteht aus weiteren erfahrenen Fachleuten, die sich leidenschaftlich f\u00fcr SAP HCM-Beratung engagieren. Sie durchsuchen kontinuierlich den SAP-Marktplatz, recherchieren Fachinformationen, bieten technische Unterst\u00fctzung und k\u00fcmmern sich um die Verwaltungsaufgaben. Durch ihre Expertise und Engagement stehen Sie Ihnen bei Ihren HCM-Herausforderungen zur Seite!<\/p>\n\n\n\n<hr class=\"wp-block-separator has-alpha-channel-opacity\"\/>\n<\/div><figure class=\"wp-block-media-text__media\"><img loading=\"lazy\" decoding=\"async\" width=\"1024\" height=\"768\" src=\"https:\/\/allpecon.de\/wp-content\/uploads\/2024\/03\/all-fahne-1024x768-1.jpg\" alt=\"\" class=\"wp-image-15 size-full\" srcset=\"https:\/\/allpecon.de\/wp-content\/uploads\/2024\/03\/all-fahne-1024x768-1.jpg 1024w, https:\/\/allpecon.de\/wp-content\/uploads\/2024\/03\/all-fahne-1024x768-1-300x225.jpg 300w, https:\/\/allpecon.de\/wp-content\/uploads\/2024\/03\/all-fahne-1024x768-1-768x576.jpg 768w, https:\/\/allpecon.de\/wp-content\/uploads\/2024\/03\/all-fahne-1024x768-1-1000x750.jpg 1000w, https:\/\/allpecon.de\/wp-content\/uploads\/2024\/03\/all-fahne-1024x768-1-230x173.jpg 230w, https:\/\/allpecon.de\/wp-content\/uploads\/2024\/03\/all-fahne-1024x768-1-350x263.jpg 350w, https:\/\/allpecon.de\/wp-content\/uploads\/2024\/03\/all-fahne-1024x768-1-480x360.jpg 480w\" sizes=\"auto, (max-width: 1024px) 100vw, 1024px\" \/><\/figure><\/div>\n\n\n\n<p><\/p>\n","protected":false},"excerpt":{"rendered":"<p>Gabriele Trost Gabriele Trost ist eine erfahrene Kauffrau und Spezialistin im Bereich SAP HCM mit einer beeindruckenden Erfahrung von \u00fcber 30 Jahren. [&hellip;]<\/p>\n","protected":false},"author":1,"featured_media":0,"parent":46,"menu_order":2,"comment_status":"closed","ping_status":"closed","template":"","meta":{"footnotes":""},"class_list":["post-48","page","type-page","status-publish","hentry"],"_links":{"self":[{"href":"https:\/\/allpecon.de\/index.php?rest_route=\/wp\/v2\/pages\/48","targetHints":{"allow":["GET"]}}],"collection":[{"href":"https:\/\/allpecon.de\/index.php?rest_route=\/wp\/v2\/pages"}],"about":[{"href":"https:\/\/allpecon.de\/index.php?rest_route=\/wp\/v2\/types\/page"}],"author":[{"embeddable":true,"href":"https:\/\/allpecon.de\/index.php?rest_route=\/wp\/v2\/users\/1"}],"replies":[{"embeddable":true,"href":"https:\/\/allpecon.de\/index.php?rest_route=%2Fwp%2Fv2%2Fcomments&post=48"}],"version-history":[{"count":11,"href":"https:\/\/allpecon.de\/index.php?rest_route=\/wp\/v2\/pages\/48\/revisions"}],"predecessor-version":[{"id":242,"href":"https:\/\/allpecon.de\/index.php?rest_route=\/wp\/v2\/pages\/48\/revisions\/242"}],"up":[{"embeddable":true,"href":"https:\/\/allpecon.de\/index.php?rest_route=\/wp\/v2\/pages\/46"}],"wp:attachment":[{"href":"https:\/\/allpecon.de\/index.php?rest_route=%2Fwp%2Fv2%2Fmedia&parent=48"}],"curies":[{"name":"wp","href":"https:\/\/api.w.org\/{rel}","templated":true}]}}