{"id":52,"date":"2024-04-24T21:31:08","date_gmt":"2024-04-24T21:31:08","guid":{"rendered":"https:\/\/allpecon.de\/?page_id=52"},"modified":"2024-11-05T17:27:39","modified_gmt":"2024-11-05T17:27:39","slug":"uber-uns","status":"publish","type":"page","link":"https:\/\/allpecon.de\/?page_id=52","title":{"rendered":"\u00dcber uns"},"content":{"rendered":"\n<p>Herzlich willkommen bei ALLPECON Beratungs-GmbH &amp; Co. KG!<\/p>\n\n\n\n<p>Seit unserer Gr\u00fcndung im Jahr 2006 haben wir uns als f\u00fchrendes Beratungsunternehmen im Bereich SAP HCM etabliert. Unser Gr\u00fcnder, Helmut Trost, brachte seine \u00fcber 20-j\u00e4hrige Expertise in diesem Bereich mit ein und legte damit den Grundstein f\u00fcr unseren Erfolg.<\/p>\n\n\n\n<p>Gemeinsam mit seiner Frau Gabriele Trost, die ebenfalls \u00fcber zwei Jahrzehnte Erfahrung in der SAP HCM-Beratung verf\u00fcgt, schuf er ein Unternehmen, das sich durch Fachkompetenz, Kundenorientierung und innovative L\u00f6sungsans\u00e4tze auszeichnet.<\/p>\n\n\n\n<p>Im Jahr 2011 stie\u00df Christoph Trost zu unserem Team hinzu und brachte frischen Wind sowie zus\u00e4tzliche Expertise ein. Diese Erweiterung erm\u00f6glichte es uns, unser Leistungsangebot weiter zu verbessern und unseren Kunden noch umfassendere L\u00f6sungen anzubieten.<\/p>\n\n\n\n<p>Seit unserer Gr\u00fcndung haben wir unz\u00e4hlige Unternehmen verschiedenster Gr\u00f6\u00dfen und Branchen dabei unterst\u00fctzt, ihre HCM-Prozesse zu optimieren, Effizienz zu steigern und die Zufriedenheit ihrer Mitarbeiter zu erh\u00f6hen. Wir sind stolz darauf, langfristige Partnerschaften aufzubauen und unseren Kunden stets als verl\u00e4sslicher und kompetenter Berater zur Seite zu stehen.<\/p>\n\n\n\n<p>Unsere Mission ist es, durch ma\u00dfgeschneiderte SAP HCM-L\u00f6sungen das volle Potenzial unserer Kunden auszusch\u00f6pfen und sie dabei zu unterst\u00fctzen, ihre Gesch\u00e4ftsziele zu erreichen. Dabei setzen wir auf Innovation, Zuverl\u00e4ssigkeit und eine enge Zusammenarbeit mit unseren Kunden.<\/p>\n\n\n\n<p>Wir freuen uns darauf, auch Sie bei Ihren HCM-Herausforderungen zu unterst\u00fctzen und gemeinsam erfolgreich zu sein!<\/p>\n\n\n\n<p>Ihr Team von ALLPECON Beratungs-GmbH &amp; Co. KG<\/p>\n","protected":false},"excerpt":{"rendered":"<p>Herzlich willkommen bei ALLPECON Beratungs-GmbH &amp; Co. KG! Seit unserer Gr\u00fcndung im Jahr 2006 haben wir uns als f\u00fchrendes Beratungsunternehmen im Bereich [&hellip;]<\/p>\n","protected":false},"author":1,"featured_media":0,"parent":46,"menu_order":0,"comment_status":"closed","ping_status":"closed","template":"","meta":{"footnotes":""},"class_list":["post-52","page","type-page","status-publish","hentry"],"_links":{"self":[{"href":"https:\/\/allpecon.de\/index.php?rest_route=\/wp\/v2\/pages\/52","targetHints":{"allow":["GET"]}}],"collection":[{"href":"https:\/\/allpecon.de\/index.php?rest_route=\/wp\/v2\/pages"}],"about":[{"href":"https:\/\/allpecon.de\/index.php?rest_route=\/wp\/v2\/types\/page"}],"author":[{"embeddable":true,"href":"https:\/\/allpecon.de\/index.php?rest_route=\/wp\/v2\/users\/1"}],"replies":[{"embeddable":true,"href":"https:\/\/allpecon.de\/index.php?rest_route=%2Fwp%2Fv2%2Fcomments&post=52"}],"version-history":[{"count":2,"href":"https:\/\/allpecon.de\/index.php?rest_route=\/wp\/v2\/pages\/52\/revisions"}],"predecessor-version":[{"id":181,"href":"https:\/\/allpecon.de\/index.php?rest_route=\/wp\/v2\/pages\/52\/revisions\/181"}],"up":[{"embeddable":true,"href":"https:\/\/allpecon.de\/index.php?rest_route=\/wp\/v2\/pages\/46"}],"wp:attachment":[{"href":"https:\/\/allpecon.de\/index.php?rest_route=%2Fwp%2Fv2%2Fmedia&parent=52"}],"curies":[{"name":"wp","href":"https:\/\/api.w.org\/{rel}","templated":true}]}}