{"id":68,"date":"2024-04-24T21:53:44","date_gmt":"2024-04-24T21:53:44","guid":{"rendered":"https:\/\/allpecon.de\/?page_id=68"},"modified":"2024-11-05T17:17:18","modified_gmt":"2024-11-05T17:17:18","slug":"beratung","status":"publish","type":"page","link":"https:\/\/allpecon.de\/?page_id=68","title":{"rendered":"SAP HCM Beratung"},"content":{"rendered":"\n<p>Bei ALLPECON verstehen wir die Bedeutung eines zuverl\u00e4ssigen und serviceorientierten SAP HCM-Supports. Seit 1987 sind wir aktiv im SAP HCM-Bereich t\u00e4tig und bieten unseren Kunden einen erstklassigen Service und eine umfassende Wartung ihrer SAP HCM-Systeme.<\/p>\n\n\n\n<p>Unser Fokus liegt darauf, Ihnen nicht nur eine reine technische Unterst\u00fctzung zu bieten, sondern auch L\u00f6sungen, die genau auf Ihre Bed\u00fcrfnisse zugeschnitten sind. Wir sind stolz darauf, einen pers\u00f6nlichen Service anzubieten und sind f\u00fcr Sie jederzeit erreichbar, um Ihre Fragen zu beantworten und Ihre Anliegen zu l\u00f6sen.<\/p>\n\n\n\n<p>Egal, ob es um die Implementierung neuer Funktionen, die Fehlerbehebung oder die Optimierung Ihrer HCM-Prozesse geht &#8211; bei ALLPECON k\u00f6nnen Sie sich auf unseren kompetenten und l\u00f6sungsorientierten Service verlassen.<\/p>\n\n\n\n<p>Kontaktieren Sie uns noch heute, um mehr dar\u00fcber zu erfahren, wie wir Ihnen helfen k\u00f6nnen, das volle Potenzial Ihrer SAP HCM-Systeme auszusch\u00f6pfen.<\/p>\n\n\n\n<div style=\"height:78px\" aria-hidden=\"true\" class=\"wp-block-spacer\"><\/div>\n\n\n<h4>Arbeitsweise<\/h4>\n<p>Bei ALLPECON \u00fcbernehmen wir die Komplettbetreuung aller Angelegenheiten rund um Ihre SAP HCM-Systeme. Wir verstehen uns als Partner, der eng mit Ihren internen Systembetreuern zusammenarbeitet, um optimale Ergebnisse zu erzielen.<\/p>\n<p>Unsere Arbeitsweise zeichnet sich durch eine partnerschaftliche Zusammenarbeit aus, bei der wir mit Ihren internen Systembetreuern Hand in Hand arbeiten. Wir bieten On-Top-Beratung bei speziellen Themen oder zur Wissenserg\u00e4nzung und -absicherung an, um sicherzustellen, dass Sie das Beste aus Ihrem System herausholen.<\/p>\n<p>Durch unsere flexible Remotebetreuung erm\u00f6glichen wir Ihnen eine Kostenersparnis, da wir viele Aufgaben effizient und zeitnah von unserem Standort aus erledigen k\u00f6nnen. Gleichzeitig gew\u00e4hrleisten wir Transparenz durch eine effektive Dokumentation und Information, sodass Sie jederzeit den \u00dcberblick \u00fcber den Stand der Dinge behalten.<\/p>\n<p>Unsere Arbeitsweise zeichnet sich auch durch eine schnelle Reaktionszeit aus. Wir verstehen, wie wichtig es ist, schnell auf Anfragen und Probleme zu reagieren, daher stehen wir Ihnen jederzeit zur Verf\u00fcgung, um Ihre Anliegen zeitnah zu bearbeiten.<\/p>\n<p>Mit unserer effektiven Dokumentation und schnellen Reaktionszeit m\u00f6chten wir sicherstellen, dass Ihre SAP HCM-Systeme reibungslos funktionieren und optimal auf Ihre individuellen Anforderungen zugeschnitten sind.<\/p>\n\n\n<div style=\"height:100px\" aria-hidden=\"true\" class=\"wp-block-spacer\"><\/div>\n\n\n\n<div class=\"wp-block-buttons is-content-justification-center is-layout-flex wp-container-core-buttons-is-layout-a89b3969 wp-block-buttons-is-layout-flex\">\n<div class=\"wp-block-button\"><a class=\"wp-block-button__link wp-element-button\">Mit uns war ihre SAP Abrechnung noch nie so einfach<\/a><\/div>\n<\/div>\n","protected":false},"excerpt":{"rendered":"<p>Bei ALLPECON verstehen wir die Bedeutung eines zuverl\u00e4ssigen und serviceorientierten SAP HCM-Supports. Seit 1987 sind wir aktiv im SAP HCM-Bereich t\u00e4tig und [&hellip;]<\/p>\n","protected":false},"author":1,"featured_media":0,"parent":0,"menu_order":0,"comment_status":"closed","ping_status":"closed","template":"","meta":{"footnotes":""},"class_list":["post-68","page","type-page","status-publish","hentry"],"_links":{"self":[{"href":"https:\/\/allpecon.de\/index.php?rest_route=\/wp\/v2\/pages\/68","targetHints":{"allow":["GET"]}}],"collection":[{"href":"https:\/\/allpecon.de\/index.php?rest_route=\/wp\/v2\/pages"}],"about":[{"href":"https:\/\/allpecon.de\/index.php?rest_route=\/wp\/v2\/types\/page"}],"author":[{"embeddable":true,"href":"https:\/\/allpecon.de\/index.php?rest_route=\/wp\/v2\/users\/1"}],"replies":[{"embeddable":true,"href":"https:\/\/allpecon.de\/index.php?rest_route=%2Fwp%2Fv2%2Fcomments&post=68"}],"version-history":[{"count":14,"href":"https:\/\/allpecon.de\/index.php?rest_route=\/wp\/v2\/pages\/68\/revisions"}],"predecessor-version":[{"id":178,"href":"https:\/\/allpecon.de\/index.php?rest_route=\/wp\/v2\/pages\/68\/revisions\/178"}],"wp:attachment":[{"href":"https:\/\/allpecon.de\/index.php?rest_route=%2Fwp%2Fv2%2Fmedia&parent=68"}],"curies":[{"name":"wp","href":"https:\/\/api.w.org\/{rel}","templated":true}]}}